{"id":449,"date":"2014-08-29T01:32:00","date_gmt":"2014-08-29T01:32:00","guid":{"rendered":"http:\/\/wp\/?page_id=2"},"modified":"2024-06-24T15:39:00","modified_gmt":"2024-06-24T15:39:00","slug":"sample-page-2","status":"publish","type":"page","link":"https:\/\/www.sammturkey.com\/","title":{"rendered":"Frontpage"},"content":{"rendered":"\n<style type=\"text\/css\" data-created_by=\"avia_inline_auto\" id=\"style-css-av-55zs6p-3f91c4e7af962e77ee40e30074e93c16\">\n.avia-section.av-55zs6p-3f91c4e7af962e77ee40e30074e93c16{\nbackground-color:#307ecc;\nbackground-image:url(https:\/\/www.sammturkey.com\/wp-content\/uploads\/2014\/08\/icon_bg_trans_wave.png);\nbackground-repeat:no-repeat;\nbackground-position:100% 100%;\nbackground-attachment:scroll;\n}\n.avia-section.av-55zs6p-3f91c4e7af962e77ee40e30074e93c16 .av-extra-border-element .av-extra-border-inner{\nbackground-color:#307ecc;\n}\n<\/style>\n<div id='av_section_1'  class='avia-section av-55zs6p-3f91c4e7af962e77ee40e30074e93c16 main_color avia-section-default avia-no-border-styling  avia-builder-el-0  el_before_av_section  avia-builder-el-first  avia-bg-style-scroll av-arrow-down-section av-minimum-height av-minimum-height-custom av-height-custom  container_wrap sidebar_right'  data-section-bg-repeat='no-repeat' data-av_minimum_height_px='430'><div class='container av-section-cont-open' style='height:430px'><main  role=\"main\" itemprop=\"mainContentOfPage\"  class='template-page content  av-content-small alpha units'><div class='post-entry post-entry-type-page post-entry-449'><div class='entry-content-wrapper clearfix'>\n\n<style type=\"text\/css\" data-created_by=\"avia_inline_auto\" id=\"style-css-av-537u6x-fb1510778e257855bc322841eea96756\">\n#top .av-special-heading.av-537u6x-fb1510778e257855bc322841eea96756{\npadding-bottom:40px;\ncolor:#ffffff;\nfont-size:72px;\n}\nbody .av-special-heading.av-537u6x-fb1510778e257855bc322841eea96756 .av-special-heading-tag .heading-char{\nfont-size:25px;\n}\n#top #wrap_all .av-special-heading.av-537u6x-fb1510778e257855bc322841eea96756 .av-special-heading-tag{\nfont-size:72px;\n}\n.av-special-heading.av-537u6x-fb1510778e257855bc322841eea96756 .special-heading-inner-border{\nborder-color:#ffffff;\n}\n.av-special-heading.av-537u6x-fb1510778e257855bc322841eea96756 .av-subheading{\nfont-size:20px;\n}\n\n@media only screen and (min-width: 480px) and (max-width: 767px){ \n#top #wrap_all .av-special-heading.av-537u6x-fb1510778e257855bc322841eea96756 .av-special-heading-tag{\nfont-size:0.8em;\n}\n}\n\n@media only screen and (max-width: 479px){ \n#top #wrap_all .av-special-heading.av-537u6x-fb1510778e257855bc322841eea96756 .av-special-heading-tag{\nfont-size:0.8em;\n}\n}\n<\/style>\n<div  class='av-special-heading av-537u6x-fb1510778e257855bc322841eea96756 av-special-heading-h1 custom-color-heading blockquote modern-quote  avia-builder-el-1  avia-builder-el-no-sibling  av-inherit-size'><h1 class='av-special-heading-tag'  itemprop=\"headline\"  >SAMM DANI\u015eMANLIK<\/h1><div class=\"special-heading-border\"><div class=\"special-heading-inner-border\"><\/div><\/div><\/div>\n<\/div><\/div><\/main><!-- close content main element --><\/div><div class='av-extra-border-element border-extra-arrow-down'><div class='av-extra-border-outer'><div class='av-extra-border-inner'><\/div><\/div><\/div><\/div>\n<style type=\"text\/css\" data-created_by=\"avia_inline_auto\" id=\"style-css-av-4yigyx-c3eae4a7952ebff2155a6e7fed4ebfcc\">\n.avia-section.av-4yigyx-c3eae4a7952ebff2155a6e7fed4ebfcc .av-extra-border-element .av-extra-border-inner{\nbackground-color:#ffffff;\n}\n<\/style>\n<div id='av_section_2'  class='avia-section av-4yigyx-c3eae4a7952ebff2155a6e7fed4ebfcc main_color avia-section-large avia-no-border-styling  avia-builder-el-2  el_after_av_section  avia-builder-el-last  avia-bg-style-scroll av-arrow-down-section container_wrap sidebar_right'  ><div class='container av-section-cont-open' ><div class='template-page content  av-content-small alpha units'><div class='post-entry post-entry-type-page post-entry-449'><div class='entry-content-wrapper clearfix'>\n<div  class='flex_column av-4oslah-03fa89ba3f23023600d4fe602c6b8fcf av_one_fifth  avia-builder-el-3  el_before_av_three_fifth  avia-builder-el-first  first flex_column_div  '     ><\/div><div  class='flex_column av-4lt2x5-49064c4f855d5385417d053a517fbe44 av_three_fifth  avia-builder-el-4  el_after_av_one_fifth  el_before_av_one_fifth  flex_column_div  '     ><style type=\"text\/css\" data-created_by=\"avia_inline_auto\" id=\"style-css-av-4dqfyh-e673feb9803b35103a52f8aacc5d87bf\">\n#top .av-special-heading.av-4dqfyh-e673feb9803b35103a52f8aacc5d87bf{\npadding-bottom:10px;\n}\nbody .av-special-heading.av-4dqfyh-e673feb9803b35103a52f8aacc5d87bf .av-special-heading-tag .heading-char{\nfont-size:25px;\n}\n.av-special-heading.av-4dqfyh-e673feb9803b35103a52f8aacc5d87bf .av-subheading{\nfont-size:15px;\n}\n<\/style>\n<div  class='av-special-heading av-4dqfyh-e673feb9803b35103a52f8aacc5d87bf av-special-heading-h2 blockquote modern-quote modern-centered  avia-builder-el-5  avia-builder-el-no-sibling '><h2 class='av-special-heading-tag'  itemprop=\"headline\"  >HAKKIMIZDA<\/h2><div class='av-subheading av-subheading_below'><p>SAMM AJANS &#038; DANI\u015eMANLIK E\u011e\u0130T\u0130M firmas\u0131 olarak;<br \/>\nBodrum merkezli, yurti\u00e7i ve yurtd\u0131\u015f\u0131ndaki i\u015f ortaklar\u0131m\u0131zla birlikte i\u015fletmelere<br \/>\ndan\u0131\u015fmanl\u0131k, belgelendirme, tan\u0131t\u0131m hizmetleri, menajerlik, organizasyon<br \/>\nhizmetleri, e\u011fitim, yurt i\u00e7i ve yurt d\u0131\u015f\u0131 \u00e7al\u0131\u015fma izinleri, vatanda\u015fl\u0131k, ikamet ve<br \/>\noturum izinleriyle ilgili, T\u00fcrkiye\u2019nin \u00f6nde gelen dan\u0131\u015fmanl\u0131k firmalar\u0131 aras\u0131nda<br \/>\nyer almakta ve hizmet sekt\u00f6r\u00fcnde b\u00f6lgesel lider olma vizyonuyla hareket<br \/>\netmekteyiz.<br \/>\nTurizmde 20 y\u0131ll\u0131k insan kaynaklar\u0131na dayal\u0131 mesleki tecr\u00fcbelerimizden yola<br \/>\n\u00e7\u0131karak do\u011fru insanlar\u0131, do\u011fru i\u015flerde istihdam ederek; bir ba\u015fka ifadeyle, i\u015f<br \/>\ni\u00e7in gerekli bilgi, beceri ve yetene\u011fe sahip ki\u015fileri se\u00e7mek ve kendilerine en<br \/>\nuygun i\u015fleri y\u00f6nlendirerek insan kayna\u011f\u0131n\u0131n etkin ve verimli olmas\u0131n\u0131<br \/>\nsa\u011flamaktay\u0131z<\/p>\n<\/div><div class=\"special-heading-border\"><div class=\"special-heading-inner-border\"><\/div><\/div><\/div><\/div><div  class='flex_column av-44cuep-5cfa317826e132b79b25066d89863d4d av_one_fifth  avia-builder-el-6  el_after_av_three_fifth  el_before_av_hr  flex_column_div  '     ><\/div>\n<style type=\"text\/css\" data-created_by=\"avia_inline_auto\" id=\"style-css-av-3wxvap-a203311c169d118c138393571f84d0f3\">\n#top .hr.av-3wxvap-a203311c169d118c138393571f84d0f3{\nmargin-top:30px;\nmargin-bottom:47px;\n}\n.hr.av-3wxvap-a203311c169d118c138393571f84d0f3 .hr-inner{\nwidth:50px;\nmax-width:45%;\n}\n.hr.av-3wxvap-a203311c169d118c138393571f84d0f3 .av-seperator-icon{\ncolor:#1e73be;\n}\n<\/style>\n<div  class='hr av-3wxvap-a203311c169d118c138393571f84d0f3 hr-custom  avia-builder-el-7  el_after_av_one_fifth  el_before_av_textblock  hr-center hr-icon-yes'><span class='hr-inner inner-border-av-border-thin'><span class=\"hr-inner-style\"><\/span><\/span><span class='av-seperator-icon' aria-hidden='true' data-av_icon='\ue8b4' data-av_iconfont='entypo-fontello'><\/span><span class='hr-inner inner-border-av-border-thin'><span class=\"hr-inner-style\"><\/span><\/span><\/div>\n\n<style type=\"text\/css\" data-created_by=\"avia_inline_auto\" id=\"style-css-av-48b5v5-25c5b0867d04a9dbbc4bb79951fdf418\">\n#top .av_textblock_section.av-48b5v5-25c5b0867d04a9dbbc4bb79951fdf418 .avia_textblock{\nfont-size:16px;\n}\n<\/style>\n<section  class='av_textblock_section av-48b5v5-25c5b0867d04a9dbbc4bb79951fdf418 '   itemscope=\"itemscope\" itemtype=\"https:\/\/schema.org\/CreativeWork\" ><div class='avia_textblock'  itemprop=\"text\" ><p style=\"text-align: center;\">\u0130NSAN KAYNAKLARI DANI\u015eMANLI\u011eI<\/p>\n<\/div><\/section>\n<div  class='flex_column av-3nxrux-ee106137190189ac31553e12a1a15257 av_one_third  avia-builder-el-9  el_after_av_textblock  el_before_av_one_third  first flex_column_div  column-top-margin'     ><style type=\"text\/css\" data-created_by=\"avia_inline_auto\" id=\"style-css-av-3mbax5-b2bff430c63cc2c274a3a7e25c0014e5\">\n.iconbox.av-3mbax5-b2bff430c63cc2c274a3a7e25c0014e5 .iconbox_icon{\nborder:1px solid #307ecc;\ncolor:#307ecc;\n}\n<\/style>\n<article  class='iconbox iconbox_left_content av-3mbax5-b2bff430c63cc2c274a3a7e25c0014e5  avia-builder-el-10  avia-builder-el-no-sibling '  itemscope=\"itemscope\" itemtype=\"https:\/\/schema.org\/CreativeWork\" ><div class=\"iconbox_icon heading-color\" aria-hidden='true' data-av_icon='\ue80c' data-av_iconfont='entypo-fontello'><\/div><div class=\"iconbox_content\"><header class=\"entry-content-header\"><h3 class='iconbox_content_title '  itemprop=\"headline\" >YABANCI PERSONEL \u0130ST\u0130HDAM<\/h3><\/header><div class='iconbox_content_container '  itemprop=\"text\" ><p>Anla\u015fmal\u0131 oldu\u011fumuz 26 \u00fclkede bulunan yasal<br \/>\nistihdam ofisleri ile ilgili \u00fclkelerde bulunan<br \/>\nmeslek okullar\u0131, \u00fcniversiteler, dans okullar\u0131,<br \/>\ng\u00fczel sanatlar ve turizm e\u011fitim merkezlerinden<br \/>\nnitelikli insan kayna\u011f\u0131n\u0131 sa\u011flamaktay\u0131z.<\/p>\n<\/div><\/div><footer class=\"entry-footer\"><\/footer><\/article><\/div><div  class='flex_column av-av_one_third-f73a11ccd29996a2a11249d534554c23 av_one_third  avia-builder-el-11  el_after_av_one_third  el_before_av_one_third  flex_column_div  column-top-margin'     ><style type=\"text\/css\" data-created_by=\"avia_inline_auto\" id=\"style-css-av-lxt3rmn7-7d911cebbcc1a21a8e51661a72b1b4ea\">\n.iconbox.av-lxt3rmn7-7d911cebbcc1a21a8e51661a72b1b4ea .iconbox_icon{\nborder:1px solid #307ecc;\ncolor:#307ecc;\n}\n<\/style>\n<article  class='iconbox iconbox_left_content av-lxt3rmn7-7d911cebbcc1a21a8e51661a72b1b4ea  avia-builder-el-12  avia-builder-el-no-sibling '  itemscope=\"itemscope\" itemtype=\"https:\/\/schema.org\/CreativeWork\" ><div class=\"iconbox_icon heading-color\" aria-hidden='true' data-av_icon='\ue82a' data-av_iconfont='entypo-fontello'><\/div><div class=\"iconbox_content\"><header class=\"entry-content-header\"><h3 class='iconbox_content_title '  itemprop=\"headline\" >YURT \u0130\u00c7\u0130 \u0130\u015e G\u00dcC\u00dc TEM\u0130N\u0130<\/h3><\/header><div class='iconbox_content_container '  itemprop=\"text\" ><p>T\u00fcm sekt\u00f6rlerin ihtiya\u00e7 duymu\u015f oldu\u011fu beyaz yaka ve mavi yaka \u00e7al\u0131\u015fan temini sa\u011flanmaktad\u0131r.<\/p>\n<\/div><\/div><footer class=\"entry-footer\"><\/footer><\/article><\/div><div  class='flex_column av-av_one_third-f73a11ccd29996a2a11249d534554c23 av_one_third  avia-builder-el-13  el_after_av_one_third  el_before_av_textblock  flex_column_div  column-top-margin'     ><style type=\"text\/css\" data-created_by=\"avia_inline_auto\" id=\"style-css-av-lxt3sv8h-2aaad12e34379d2eeb08380200378dd1\">\n.iconbox.av-lxt3sv8h-2aaad12e34379d2eeb08380200378dd1 .iconbox_icon{\nborder:1px solid #307ecc;\ncolor:#307ecc;\n}\n<\/style>\n<article  class='iconbox iconbox_left_content av-lxt3sv8h-2aaad12e34379d2eeb08380200378dd1  avia-builder-el-14  avia-builder-el-no-sibling '  itemscope=\"itemscope\" itemtype=\"https:\/\/schema.org\/CreativeWork\" ><div class=\"iconbox_icon heading-color\" aria-hidden='true' data-av_icon='\ue82a' data-av_iconfont='entypo-fontello'><\/div><div class=\"iconbox_content\"><header class=\"entry-content-header\"><h3 class='iconbox_content_title '  itemprop=\"headline\" >Yurt d\u0131\u015f\u0131 g\u00fcc\u00fc temini<\/h3><\/header><div class='iconbox_content_container '  itemprop=\"text\" ><p>T\u00fcrkiye&#8217;den yurt d\u0131\u015f\u0131na anla\u015fmal\u0131 oldu\u011fumuz t\u00fcm \u015firketlere beyaz yaka ve mavi yaka \u00e7al\u0131\u015fan temini sa\u011flanmaktad\u0131r.<\/p>\n<\/div><\/div><footer class=\"entry-footer\"><\/footer><\/article><\/div>\n<style type=\"text\/css\" data-created_by=\"avia_inline_auto\" id=\"style-css-av-lxt3v8n5-9e1e4ddb26461f54bea47b9c2da24303\">\n#top .av_textblock_section.av-lxt3v8n5-9e1e4ddb26461f54bea47b9c2da24303 .avia_textblock{\nfont-size:16px;\n}\n<\/style>\n<section  class='av_textblock_section av-lxt3v8n5-9e1e4ddb26461f54bea47b9c2da24303 '   itemscope=\"itemscope\" itemtype=\"https:\/\/schema.org\/CreativeWork\" ><div class='avia_textblock'  itemprop=\"text\" ><p style=\"text-align: center;\">\n<div  class='hr av-av_hr-25c27546868383ea2a8ca2d58c793365 hr-full  avia-builder-el-16  avia-builder-el-no-sibling  hr-shadow'><span class='hr-inner '><span class=\"hr-inner-style\"><\/span><\/span><\/div><\/p>\n<p style=\"text-align: center;\">D\u0130\u011eER H\u0130ZMETLER<\/p>\n<\/div><\/section>\n<div  class='flex_column av-av_one_third-516b7eac7a9c6cd1b746245801c7486c av_one_third  avia-builder-el-17  el_after_av_textblock  el_before_av_one_third  first flex_column_div  column-top-margin'     ><style type=\"text\/css\" data-created_by=\"avia_inline_auto\" id=\"style-css-av-lxt42rmc-493e40ee8413d44f9500581e13c45574\">\n.iconbox.av-lxt42rmc-493e40ee8413d44f9500581e13c45574 .iconbox_icon{\nborder:1px solid #307ecc;\ncolor:#307ecc;\n}\n<\/style>\n<article  class='iconbox iconbox_left_content av-lxt42rmc-493e40ee8413d44f9500581e13c45574  avia-builder-el-18  avia-builder-el-no-sibling '  itemscope=\"itemscope\" itemtype=\"https:\/\/schema.org\/CreativeWork\" ><div class=\"iconbox_icon heading-color\" aria-hidden='true' data-av_icon='\ue8c9' data-av_iconfont='entypo-fontello'><\/div><div class=\"iconbox_content\"><header class=\"entry-content-header\"><h3 class='iconbox_content_title '  itemprop=\"headline\" >E\u011e\u0130T\u0130M H\u0130ZMETLER\u0130<\/h3><\/header><div class='iconbox_content_container '  itemprop=\"text\" ><p>Profesyonel e\u011fitimcilerimiz ile \u015firketlerinizin ihtiya\u00e7lar\u0131na uygun e\u011fitim paketleri tasarlamaktay\u0131z.<\/p>\n<\/div><\/div><footer class=\"entry-footer\"><\/footer><\/article><\/div><div  class='flex_column av-av_one_third-f73a11ccd29996a2a11249d534554c23 av_one_third  avia-builder-el-19  el_after_av_one_third  el_before_av_one_third  flex_column_div  column-top-margin'     ><style type=\"text\/css\" data-created_by=\"avia_inline_auto\" id=\"style-css-av-lxt45opi-a987d11ebe7a2817671b6f92854a3f5d\">\n.iconbox.av-lxt45opi-a987d11ebe7a2817671b6f92854a3f5d .iconbox_icon{\nborder:1px solid #307ecc;\ncolor:#307ecc;\n}\n<\/style>\n<article  class='iconbox iconbox_left_content av-lxt45opi-a987d11ebe7a2817671b6f92854a3f5d  avia-builder-el-20  avia-builder-el-no-sibling '  itemscope=\"itemscope\" itemtype=\"https:\/\/schema.org\/CreativeWork\" ><div class=\"iconbox_icon heading-color\" aria-hidden='true' data-av_icon='\ue80a' data-av_iconfont='entypo-fontello'><\/div><div class=\"iconbox_content\"><header class=\"entry-content-header\"><h3 class='iconbox_content_title '  itemprop=\"headline\" >TEM\u0130ZL\u0130K & PEYZAJ H\u0130ZMETLER\u0130<\/h3><\/header><div class='iconbox_content_container '  itemprop=\"text\" ><p>Villa, Ev, Otel, \u0130\u015fyeri, Fabrika, Yat, \u0130n\u015faat alanlar\u0131nda profesyonel ekiplerimiz ile temizlik ve peyzaj hizmetleri sunmaktay\u0131z.<\/p>\n<\/div><\/div><footer class=\"entry-footer\"><\/footer><\/article><\/div><div  class='flex_column av-3dpuhl-24750aedbebc6a1697f73fe9b1fb22cf av_one_third  avia-builder-el-21  el_after_av_one_third  el_before_av_one_third  flex_column_div  column-top-margin'     ><style type=\"text\/css\" data-created_by=\"avia_inline_auto\" id=\"style-css-av-36klop-b66d3ad05a99ce75719c91564c38a235\">\n.iconbox.av-36klop-b66d3ad05a99ce75719c91564c38a235 .iconbox_icon{\nborder:1px solid #307ecc;\ncolor:#307ecc;\n}\n<\/style>\n<article  class='iconbox iconbox_left_content av-36klop-b66d3ad05a99ce75719c91564c38a235  avia-builder-el-22  avia-builder-el-no-sibling '  itemscope=\"itemscope\" itemtype=\"https:\/\/schema.org\/CreativeWork\" ><div class=\"iconbox_icon heading-color\" aria-hidden='true' data-av_icon='\ue809' data-av_iconfont='entypo-fontello'><\/div><div class=\"iconbox_content\"><header class=\"entry-content-header\"><h3 class='iconbox_content_title '  itemprop=\"headline\" >PROFESYONEL S\u0130TE Y\u00d6NET\u0130M\u0130<\/h3><\/header><div class='iconbox_content_container '  itemprop=\"text\" ><p>Apartman, site, plaza gibi kat m\u00fclkiyeti esas\u0131na dayal\u0131 olarak bir arada ya\u015fanan binalar\u0131n; mali, idari, hukuki ve y\u00f6netim organizasyonlar\u0131n\u0131n profesyonel ekiplerimiz ile y\u00f6netim hizmeti veriyoruz.<\/p>\n<\/div><\/div><footer class=\"entry-footer\"><\/footer><\/article><\/div><div  class='flex_column av-34wtoh-fda1322bb571c1d549e25371c6587b07 av_one_third  avia-builder-el-23  el_after_av_one_third  el_before_av_one_third  first flex_column_div  column-top-margin'     ><style type=\"text\/css\" data-created_by=\"avia_inline_auto\" id=\"style-css-av-2y3zmx-a85119ca77f995a142ec4af5a33ec986\">\n.iconbox.av-2y3zmx-a85119ca77f995a142ec4af5a33ec986 .iconbox_icon{\nborder:1px solid #307ecc;\ncolor:#307ecc;\n}\n<\/style>\n<article  class='iconbox iconbox_left_content av-2y3zmx-a85119ca77f995a142ec4af5a33ec986  avia-builder-el-24  avia-builder-el-no-sibling '  itemscope=\"itemscope\" itemtype=\"https:\/\/schema.org\/CreativeWork\" ><div class=\"iconbox_icon heading-color\" aria-hidden='true' data-av_icon='\ue860' data-av_iconfont='entypo-fontello'><\/div><div class=\"iconbox_content\"><header class=\"entry-content-header\"><h3 class='iconbox_content_title '  itemprop=\"headline\" >MENAJERL\u0130K H\u0130ZMETLER\u0130<\/h3><\/header><div class='iconbox_content_container '  itemprop=\"text\" ><p>Yurt d\u0131\u015f\u0131nda bulunan spor kul\u00fcpleri ile anla\u015fmam\u0131z dahilinde<br \/>\nT\u00fcrkiye\u2019den yurt d\u0131\u015f\u0131na yurt d\u0131\u015f\u0131ndan T\u00fcrkiye\u2019ye basketbol,<br \/>\nfutbol ve tenis profesyonellerinin menajerlik hizmetlerini<br \/>\ny\u00fcr\u00fctmekteyiz. Konser, tiyatro ve sinema menajerlik<br \/>\nhizmetlerimizle sanat d\u00fcnyas\u0131na katk\u0131 sa\u011flamaktay\u0131z.<\/p>\n<p>Yurt i\u00e7inde bulunan anla\u015fmal\u0131 yap\u0131m \u015firketlerinin cast ajans\u0131<br \/>\nolarak yeni yetenekleri sanat d\u00fcnyas\u0131na kazand\u0131rmaktay\u0131z.<\/p>\n<\/div><\/div><footer class=\"entry-footer\"><\/footer><\/article><\/div><div  class='flex_column av-av_one_third-f73a11ccd29996a2a11249d534554c23 av_one_third  avia-builder-el-25  el_after_av_one_third  el_before_av_one_third  flex_column_div  column-top-margin'     ><style type=\"text\/css\" data-created_by=\"avia_inline_auto\" id=\"style-css-av-lxt4h3p5-cd54f8930940cfa703969cf7bb04ffdc\">\n.iconbox.av-lxt4h3p5-cd54f8930940cfa703969cf7bb04ffdc .iconbox_icon{\nborder:1px solid #307ecc;\ncolor:#307ecc;\n}\n<\/style>\n<article  class='iconbox iconbox_left_content av-lxt4h3p5-cd54f8930940cfa703969cf7bb04ffdc  avia-builder-el-26  avia-builder-el-no-sibling '  itemscope=\"itemscope\" itemtype=\"https:\/\/schema.org\/CreativeWork\" ><div class=\"iconbox_icon heading-color\" aria-hidden='true' data-av_icon='\ue860' data-av_iconfont='entypo-fontello'><\/div><div class=\"iconbox_content\"><header class=\"entry-content-header\"><h3 class='iconbox_content_title '  itemprop=\"headline\" >\u015e\u0130RKET \u0130\u00c7 DENET\u0130M H\u0130ZMETLER\u0130<\/h3><\/header><div class='iconbox_content_container '  itemprop=\"text\" ><p>Operasyon ve idari ve mali denetim hizmetleri<\/p>\n<\/div><\/div><footer class=\"entry-footer\"><\/footer><\/article><\/div><div  class='flex_column av-av_one_third-f73a11ccd29996a2a11249d534554c23 av_one_third  avia-builder-el-27  el_after_av_one_third  el_before_av_textblock  flex_column_div  column-top-margin'     ><style type=\"text\/css\" data-created_by=\"avia_inline_auto\" id=\"style-css-av-lxt4j4td-9628c9845c5326517f4b254bcfdef317\">\n.iconbox.av-lxt4j4td-9628c9845c5326517f4b254bcfdef317 .iconbox_icon{\nborder:1px solid #307ecc;\ncolor:#307ecc;\n}\n<\/style>\n<article  class='iconbox iconbox_left_content av-lxt4j4td-9628c9845c5326517f4b254bcfdef317  avia-builder-el-28  avia-builder-el-no-sibling '  itemscope=\"itemscope\" itemtype=\"https:\/\/schema.org\/CreativeWork\" ><div class=\"iconbox_icon heading-color\" aria-hidden='true' data-av_icon='\ue856' data-av_iconfont='entypo-fontello'><\/div><div class=\"iconbox_content\"><header class=\"entry-content-header\"><h3 class='iconbox_content_title '  itemprop=\"headline\" >\u0130N\u015eAAT VE HAKED\u0130\u015e \u0130\u015eLER\u0130<\/h3><\/header><div class='iconbox_content_container '  itemprop=\"text\" ><\/div><\/div><footer class=\"entry-footer\"><\/footer><\/article><\/div>\n<style type=\"text\/css\" data-created_by=\"avia_inline_auto\" id=\"style-css-av-lxt4k278-b6afc4903745afa9e58e5f7d5c7e8958\">\n#top .av_textblock_section.av-lxt4k278-b6afc4903745afa9e58e5f7d5c7e8958 .avia_textblock{\nfont-size:16px;\n}\n<\/style>\n<section  class='av_textblock_section av-lxt4k278-b6afc4903745afa9e58e5f7d5c7e8958 '   itemscope=\"itemscope\" itemtype=\"https:\/\/schema.org\/CreativeWork\" ><div class='avia_textblock'  itemprop=\"text\" ><div  class='hr av-av_hr-25c27546868383ea2a8ca2d58c793365 hr-full  avia-builder-el-30  avia-builder-el-no-sibling  hr-shadow'><span class='hr-inner '><span class=\"hr-inner-style\"><\/span><\/span><\/div>\n<p style=\"text-align: center;\">DANI\u015eMANLIK H\u0130ZMETLER\u0130<\/p>\n<\/div><\/section>\n<div  class='flex_column av-av_one_third-516b7eac7a9c6cd1b746245801c7486c av_one_third  avia-builder-el-31  el_after_av_textblock  el_before_av_one_third  first flex_column_div  column-top-margin'     ><style type=\"text\/css\" data-created_by=\"avia_inline_auto\" id=\"style-css-av-lxt4mmr7-6b97de30d76f1638ca1aba7e26c13037\">\n.iconbox.av-lxt4mmr7-6b97de30d76f1638ca1aba7e26c13037 .iconbox_icon{\nborder:1px solid #307ecc;\ncolor:#307ecc;\n}\n<\/style>\n<article  class='iconbox iconbox_left_content av-lxt4mmr7-6b97de30d76f1638ca1aba7e26c13037  avia-builder-el-32  avia-builder-el-no-sibling '  itemscope=\"itemscope\" itemtype=\"https:\/\/schema.org\/CreativeWork\" ><div class=\"iconbox_icon heading-color\" aria-hidden='true' data-av_icon='\ue8c5' data-av_iconfont='entypo-fontello'><\/div><div class=\"iconbox_content\"><header class=\"entry-content-header\"><h3 class='iconbox_content_title '  itemprop=\"headline\" >F\u0130NANSAL VE \u0130DAR\u0130 DANI\u015eMANLIK<\/h3><\/header><div class='iconbox_content_container '  itemprop=\"text\" ><p>\u015eirketinize ve \u015fahs\u0131n\u0131za ait t\u00fcm finansal ve idari dan\u0131\u015fmanl\u0131k hizmetleri verilmektedir.<\/p>\n<\/div><\/div><footer class=\"entry-footer\"><\/footer><\/article><\/div><div  class='flex_column av-av_one_third-f73a11ccd29996a2a11249d534554c23 av_one_third  avia-builder-el-33  el_after_av_one_third  el_before_av_one_third  flex_column_div  column-top-margin'     ><style type=\"text\/css\" data-created_by=\"avia_inline_auto\" id=\"style-css-av-lxt4rao1-363dce60a25fc69ef512d682644d9267\">\n.iconbox.av-lxt4rao1-363dce60a25fc69ef512d682644d9267 .iconbox_icon{\nborder:1px solid #307ecc;\ncolor:#307ecc;\n}\n<\/style>\n<article  class='iconbox iconbox_left_content av-lxt4rao1-363dce60a25fc69ef512d682644d9267  avia-builder-el-34  avia-builder-el-no-sibling '  itemscope=\"itemscope\" itemtype=\"https:\/\/schema.org\/CreativeWork\" ><div class=\"iconbox_icon heading-color\" aria-hidden='true' data-av_icon='\ue8c0' data-av_iconfont='entypo-fontello'><\/div><div class=\"iconbox_content\"><header class=\"entry-content-header\"><h3 class='iconbox_content_title '  itemprop=\"headline\" >HUKUK\u0130 DANI\u015eMANLIK<\/h3><\/header><div class='iconbox_content_container '  itemprop=\"text\" ><p>\u015eirketinize ve \u015fahs\u0131n\u0131za ait t\u00fcm hukuki dan\u0131\u015fmanl\u0131k hizmetleri verilmektedir.<\/p>\n<\/div><\/div><footer class=\"entry-footer\"><\/footer><\/article><\/div><div  class='flex_column av-av_one_third-f73a11ccd29996a2a11249d534554c23 av_one_third  avia-builder-el-35  el_after_av_one_third  avia-builder-el-last  flex_column_div  column-top-margin'     ><style type=\"text\/css\" data-created_by=\"avia_inline_auto\" id=\"style-css-av-lxt4tgek-95bafbe88591fd5b082eb9ae68dadf55\">\n.iconbox.av-lxt4tgek-95bafbe88591fd5b082eb9ae68dadf55 .iconbox_icon{\nborder:1px solid #307ecc;\ncolor:#307ecc;\n}\n<\/style>\n<article  class='iconbox iconbox_left_content av-lxt4tgek-95bafbe88591fd5b082eb9ae68dadf55  avia-builder-el-36  avia-builder-el-no-sibling '  itemscope=\"itemscope\" itemtype=\"https:\/\/schema.org\/CreativeWork\" ><div class=\"iconbox_icon heading-color\" aria-hidden='true' data-av_icon='\ue8ab' data-av_iconfont='entypo-fontello'><\/div><div class=\"iconbox_content\"><header class=\"entry-content-header\"><h3 class='iconbox_content_title '  itemprop=\"headline\" >IT DANI\u015eMANLIK H\u0130ZMETLER\u0130<\/h3><\/header><div class='iconbox_content_container '  itemprop=\"text\" ><p>\u015eirketinize ve \u015fahs\u0131n\u0131za ait t\u00fcm IT dan\u0131\u015fmanl\u0131k hizmetleri verilmektedir.<\/p>\n<\/div><\/div><footer class=\"entry-footer\"><\/footer><\/article><\/div><\/div><\/div><\/div><!-- close content main div --><\/div><div class='av-extra-border-element border-extra-arrow-down'><div class='av-extra-border-outer'><div class='av-extra-border-inner'><\/div><\/div><\/div><\/div><div id='after_section_2'  class='main_color av_default_container_wrap container_wrap sidebar_right'  ><div class='container av-section-cont-open' ><div class='template-page content  av-content-small alpha units'><div class='post-entry post-entry-type-page post-entry-449'><div class='entry-content-wrapper clearfix'><\/p>\n","protected":false},"excerpt":{"rendered":"","protected":false},"author":1,"featured_media":0,"parent":0,"menu_order":0,"comment_status":"open","ping_status":"open","template":"","meta":{"footnotes":""},"_links":{"self":[{"href":"https:\/\/www.sammturkey.com\/index.php\/wp-json\/wp\/v2\/pages\/449"}],"collection":[{"href":"https:\/\/www.sammturkey.com\/index.php\/wp-json\/wp\/v2\/pages"}],"about":[{"href":"https:\/\/www.sammturkey.com\/index.php\/wp-json\/wp\/v2\/types\/page"}],"author":[{"embeddable":true,"href":"https:\/\/www.sammturkey.com\/index.php\/wp-json\/wp\/v2\/users\/1"}],"replies":[{"embeddable":true,"href":"https:\/\/www.sammturkey.com\/index.php\/wp-json\/wp\/v2\/comments?post=449"}],"version-history":[{"count":11,"href":"https:\/\/www.sammturkey.com\/index.php\/wp-json\/wp\/v2\/pages\/449\/revisions"}],"predecessor-version":[{"id":487,"href":"https:\/\/www.sammturkey.com\/index.php\/wp-json\/wp\/v2\/pages\/449\/revisions\/487"}],"wp:attachment":[{"href":"https:\/\/www.sammturkey.com\/index.php\/wp-json\/wp\/v2\/media?parent=449"}],"curies":[{"name":"wp","href":"https:\/\/api.w.org\/{rel}","templated":true}]}}